{"id":13844,"date":"2021-05-08T05:58:12","date_gmt":"2021-05-07T23:58:12","guid":{"rendered":"https:\/\/www.mamorganlaw.com\/bonos\/"},"modified":"2023-12-16T05:10:02","modified_gmt":"2023-12-15T23:10:02","slug":"bonos","status":"publish","type":"page","link":"https:\/\/www.mamorganlaw.com\/es\/bonos\/","title":{"rendered":"Bonos"},"content":{"rendered":"<p><div class=\"fusion-fullwidth fullwidth-box fusion-builder-row-1 fusion-flex-container has-pattern-background has-mask-background nonhundred-percent-fullwidth non-hundred-percent-height-scrolling\" style=\"--awb-border-radius-top-left:0px;--awb-border-radius-top-right:0px;--awb-border-radius-bottom-right:0px;--awb-border-radius-bottom-left:0px;--awb-flex-wrap:wrap;\" ><div class=\"fusion-builder-row fusion-row fusion-flex-align-items-flex-start fusion-flex-content-wrap\" style=\"max-width:1216.8px;margin-left: calc(-4% \/ 2 );margin-right: calc(-4% \/ 2 );\"><div class=\"fusion-layout-column fusion_builder_column fusion-builder-column-0 fusion_builder_column_2_3 2_3 fusion-flex-column\" style=\"--awb-bg-size:cover;--awb-width-large:66.666666666667%;--awb-margin-top-large:0px;--awb-spacing-right-large:2.88%;--awb-margin-bottom-large:20px;--awb-spacing-left-large:2.88%;--awb-width-medium:100%;--awb-order-medium:0;--awb-spacing-right-medium:1.92%;--awb-spacing-left-medium:1.92%;--awb-width-small:100%;--awb-order-small:0;--awb-spacing-right-small:1.92%;--awb-spacing-left-small:1.92%;\"><div class=\"fusion-column-wrapper fusion-column-has-shadow fusion-flex-justify-content-flex-start fusion-content-layout-column\"><div class=\"fusion-text fusion-text-1\"><h1><span style=\"color: #4a598c;\">Abogados de Fianzas de Inmigraci\u00f3n de Texas<\/span><\/h1>\n<p style=\"text-align: left;\"><strong>Si es detenido por las autoridades de inmigraci\u00f3n, puede tener derecho a solicitar una fianza. No entre solo en la sala del tribunal,  <\/strong>ya que el procedimiento y la documentaci\u00f3n pueden ser complejos e intimidatorios.  <strong><em>M.A. Morgan &amp; Associates est\u00e1 preparado para estar a su lado y luchar por su libertad.<\/em> Fianza La elegibilidad<\/strong>depende de una serie de <strong>factores<\/strong> que incluyen: (1) la duraci\u00f3n del tiempo en los Estados Unidos; (2) antecedentes penales; (3) los lazos con la comunidad; y (4) la elegibilidad para los beneficios de inmigraci\u00f3n.<\/p>\n<p style=\"text-align: left;\">En \u00faltima instancia, el Juez de Inmigraci\u00f3n debe determinar que <em>no <\/em>existe riesgo de fuga y que usted <em>no <\/em>representa un peligro para la comunidad. Para<em> m\u00e1s detalles sobre los factores que influyen en los procedimientos de fianza de inmigraci\u00f3n, lea el resumen que figura a continuaci\u00f3n.<\/em><\/p>\n<hr>\n<\/div><\/div><\/div><div class=\"fusion-layout-column fusion_builder_column fusion-builder-column-1 fusion_builder_column_1_3 1_3 fusion-flex-column\" style=\"--awb-padding-right:20px;--awb-padding-left:20px;--awb-bg-color:#ffffff;--awb-bg-color-hover:#ffffff;--awb-bg-size:cover;--awb-width-large:33.333333333333%;--awb-margin-top-large:0px;--awb-spacing-right-large:0%;--awb-margin-bottom-large:0px;--awb-spacing-left-large:0%;--awb-width-medium:100%;--awb-order-medium:0;--awb-spacing-right-medium:1.92%;--awb-spacing-left-medium:1.92%;--awb-width-small:100%;--awb-order-small:0;--awb-spacing-right-small:1.92%;--awb-spacing-left-small:1.92%;\" data-scroll-devices=\"small-visibility,medium-visibility,large-visibility\"><div class=\"fusion-column-wrapper fusion-column-has-shadow fusion-flex-justify-content-flex-start fusion-content-layout-column\"><div class=\"fusion-text fusion-text-2 fusion-text-no-margin\" style=\"--awb-margin-bottom:0px;\"><h3><span style=\"color: #4a598c;\"><strong>Contact Us for an Evaluation<\/strong><\/span><\/h3>\n<\/div><div id=\"lf_form_container\">\n    <form method=\"post\" action=\"\/es\/wp-json\/wp\/v2\/pages\/13844\">\n    <input type=\"hidden\" id=\"_wpnonce\" name=\"_wpnonce\" value=\"2854d12a39\" \/><input type=\"hidden\" name=\"_wp_http_referer\" value=\"\/es\/wp-json\/wp\/v2\/pages\/13844\" \/>                <h3><\/h3>\n        <p id=\"lf_first_name_block\">\n            <label class=\"description\" for=\"lf_first_name\"><\/label>\n            <input id=\"lf_first_name\" name=\"lf_first_name\" type=\"text\" maxlength=\"255\" value=\"\" required='required' placeholder=\"First Name*\" \/>\n        <\/p>\n        <p id=\"lf_last_name_block\">\n            <label class=\"description\" for=\"lf_last_name\"><\/label>\n            <input id=\"lf_last_name\" name=\"lf_last_name\" type=\"text\" maxlength=\"255\" value=\"\" required='required' placeholder=\"Last Name*\" \/>\n        <\/p>\n        <p id=\"lf_email_block\">\n            <label class=\"description\" for=\"lf_email\"><\/label>\n            <input id=\"lf_email\" name=\"lf_email\" type=\"email\" maxlength=\"255\" value=\"\" required='required' placeholder=\"Email*\" \/>\n        <\/p>\n        <p id=\"lf_phone_block\">\n            <label class=\"description\" for=\"lf_phone\"><\/label>\n            <input id=\"lf_phone\" name=\"lf_phone\" type=\"text\" maxlength=\"24\" value=\"\" placeholder=\"Phone*\" \/>\n        <\/p>\n        <p id=\"lf_message_block\">\n            <label class=\"description\" for=\"lf_message\"><\/label>\n\t\t\t<textarea id=\"lf_message\" name=\"lf_message\" required='required' placeholder=\"Message*\"><\/textarea>\n        <\/p>\n\n\t\t\n        <div id=\"lf_wrap\" style=\"display:none;\">\n            <label class=\"description\" for=\"leave_this_blank\">Leave this Blank if are sentient <\/label>\n            <input name=\"leave_this_blank_url\" type=\"text\" value=\"\" id=\"leave_this_blank\"\/>\n        <\/div>\n\n        <!-- Load reCAPTCHA site key on frontend only (admin preview doesn't need reCAPTCHA) -->\n\t\t\n        <input type=\"hidden\" name=\"leave_this_alone\" value=\"MTc3Njc3MTIzNA==\"\/>\n        <p class=\"buttons\">\n            <input type=\"hidden\" name=\"form_id\" value=\"1044046\" \/>\n            <input id=\"saveForm\" class=\"button_text\" type=\"submit\" name=\"lf_submit\" value=\"GET STARTED FOR FREE\" style=\"background-color: #C72814; color:#ffffff\" \/>\n        <\/p>\n    <\/form>\n<\/div>\n\n<!-- Load reCAPTCHA JavaScript only on frontend (library not available in admin) -->\n<\/div><\/div>\n<\/div><\/div><div class=\"fusion-fullwidth fullwidth-box fusion-builder-row-2 fusion-flex-container nonhundred-percent-fullwidth non-hundred-percent-height-scrolling\" style=\"--awb-border-radius-top-left:0px;--awb-border-radius-top-right:0px;--awb-border-radius-bottom-right:0px;--awb-border-radius-bottom-left:0px;--awb-flex-wrap:wrap;\" ><div class=\"fusion-builder-row fusion-row fusion-flex-align-items-flex-start fusion-flex-content-wrap\" style=\"max-width:1216.8px;margin-left: calc(-4% \/ 2 );margin-right: calc(-4% \/ 2 );\"><div class=\"fusion-layout-column fusion_builder_column fusion-builder-column-2 fusion_builder_column_1_1 1_1 fusion-flex-column\" style=\"--awb-bg-blend:overlay;--awb-bg-size:cover;--awb-width-large:100%;--awb-margin-top-large:0px;--awb-spacing-right-large:1.92%;--awb-margin-bottom-large:0px;--awb-spacing-left-large:1.92%;--awb-width-medium:100%;--awb-spacing-right-medium:1.92%;--awb-spacing-left-medium:1.92%;--awb-width-small:100%;--awb-spacing-right-small:1.92%;--awb-spacing-left-small:1.92%;\"><div class=\"fusion-column-wrapper fusion-flex-justify-content-flex-start fusion-content-layout-column\"><div class=\"fusion-text fusion-text-3\"><h2><span style=\"color: #4a598c;\">Factores del Bono de Inmigraci\u00f3n<\/span><\/h2>\n<ul id=\"rea-feature-list-766f507\">\n<li>\n<h3>Tiempo en Estados Unidos<\/h3>\n<p>Un periodo de tiempo m\u00e1s largo en Estados Unidos tiende a apoyar la posici\u00f3n de que usted es un buen candidato para la fianza. Por ejemplo, una persona que haya vivido en Estados Unidos durante m\u00e1s de 10 a\u00f1os sin antecedentes penales no parece suponer un peligro para la comunidad ni presenta riesgo de fuga.<\/li>\n<li>\n<h3>Antecedentes penales<\/h3>\n<p>Tanto el historial de detenciones recientes como las condenas penales pueden influir negativamente en el resultado del procedimiento de fianza. El Juez de Inmigraci\u00f3n s\u00f3lo le conceder\u00e1 la fianza despu\u00e9s de determinar que usted no representa un peligro para la comunidad. Algunas condenas penales (por ejemplo, delitos relacionados con sustancias controladas) pueden descalificarlo autom\u00e1ticamente para la consideraci\u00f3n de fianza.<\/li>\n<li>\n<h3>V\u00ednculos con la Comunidad<\/h3>\n<p>Si tiene amplios v\u00ednculos familiares y patrimoniales en Estados Unidos, este factor pesar\u00e1 a su favor cuando el Juez de Inmigraci\u00f3n considere si existe o no riesgo de fuga (es decir, su probabilidad de asistir a futuros procedimientos judiciales) en caso de que le conceda una fianza. Este factor tambi\u00e9n puede influir en su eventual derecho a prestaciones de inmigraci\u00f3n, ya que muchas prestaciones de inmigraci\u00f3n requieren un familiar que re\u00fana los requisitos (por ejemplo, un c\u00f3nyuge ciudadano de Estados Unidos).<\/li>\n<li>\n<h3>Derecho a prestaciones de inmigraci\u00f3n<\/h3>\n<p>Si parece cumplir los requisitos b\u00e1sicos para optar a un beneficio de inmigraci\u00f3n, este factor pesar\u00e1 a su favor cuando el Juez de Inmigraci\u00f3n considere su probabilidad de asistir a futuros procedimientos judiciales en caso de que le conceda una fianza. En resumen, el derecho a las prestaciones de inmigraci\u00f3n depende de algunos de los siguientes factores: n\u00famero de familiares \u00ablegales\u00bb en Estados Unidos; tiempo que lleva viviendo en Estados Unidos; m\u00e9todo de entrada en Estados Unidos; y antecedentes penales en. Con el fin de determinar si usted es elegible o no para los beneficios de inmigraci\u00f3n, p\u00f3ngase en contacto con nuestra oficina para que podamos dedicar atenci\u00f3n personal a su caso.<\/li>\n<\/ul>\n<blockquote>\n<p style=\"text-align: left;\"><span style=\"font-size: 20px;\">No entre en la sala del tribunal sin un abogado de inmigraci\u00f3n con experiencia a su lado. P\u00f3ngase en contacto con <strong>M.A. Morgan &amp; Associates<\/strong> para actuar de inmediato. <strong><br \/>\n  <a href=\"mailto:info@mamorganlaw.com\">info@mamorganlaw.com<\/a><br \/>\n<\/strong> <a href=\"tel:%20+12109559855\"><br \/>\n  <strong>(210) 955-9855<\/strong><br \/>\n<\/a><\/span><\/p>\n<\/blockquote>\n<\/div><\/div><\/div><\/div><\/div><\/p>\n","protected":false},"excerpt":{"rendered":"","protected":false},"author":24,"featured_media":0,"parent":0,"menu_order":0,"comment_status":"closed","ping_status":"closed","template":"100-width.php","meta":{"_monsterinsights_skip_tracking":false,"_monsterinsights_sitenote_active":false,"_monsterinsights_sitenote_note":"","_monsterinsights_sitenote_category":0,"footnotes":""},"class_list":["post-13844","page","type-page","status-publish","hentry"],"yoast_head":"<!-- This site is optimized with the Yoast SEO plugin v27.4 - https:\/\/yoast.com\/product\/yoast-seo-wordpress\/ -->\n<title>Bonos | M.A. Morgan and Associates<\/title>\n<meta name=\"description\" content=\"Si es detenido por las autoridades de inmigraci\u00f3n, puede tener derecho a solicitar una fianza. No entre solo en la sala del tribunal.\" \/>\n<meta name=\"robots\" content=\"index, follow, max-snippet:-1, max-image-preview:large, max-video-preview:-1\" \/>\n<link rel=\"canonical\" href=\"https:\/\/www.mamorganlaw.com\/es\/bonos\/\" \/>\n<meta property=\"og:locale\" content=\"es_ES\" \/>\n<meta property=\"og:type\" content=\"article\" \/>\n<meta property=\"og:title\" content=\"Bonos | M.A. Morgan and Associates\" \/>\n<meta property=\"og:description\" content=\"Si es detenido por las autoridades de inmigraci\u00f3n, puede tener derecho a solicitar una fianza. No entre solo en la sala del tribunal.\" \/>\n<meta property=\"og:url\" content=\"https:\/\/www.mamorganlaw.com\/es\/bonos\/\" \/>\n<meta property=\"og:site_name\" content=\"M.A. Morgan and Associates\" \/>\n<meta property=\"article:publisher\" content=\"https:\/\/www.facebook.com\/mamorganlaw\" \/>\n<meta property=\"article:modified_time\" content=\"2023-12-15T23:10:02+00:00\" \/>\n<meta name=\"twitter:card\" content=\"summary_large_image\" \/>\n<meta name=\"twitter:label1\" content=\"Tiempo de lectura\" \/>\n\t<meta name=\"twitter:data1\" content=\"6 minutos\" \/>\n<script type=\"application\/ld+json\" class=\"yoast-schema-graph\">{\"@context\":\"https:\\\/\\\/schema.org\",\"@graph\":[{\"@type\":\"WebPage\",\"@id\":\"https:\\\/\\\/www.mamorganlaw.com\\\/es\\\/bonos\\\/\",\"url\":\"https:\\\/\\\/www.mamorganlaw.com\\\/es\\\/bonos\\\/\",\"name\":\"Bonos | M.A. Morgan and Associates\",\"isPartOf\":{\"@id\":\"https:\\\/\\\/www.mamorganlaw.com\\\/es\\\/#website\"},\"datePublished\":\"2021-05-07T23:58:12+00:00\",\"dateModified\":\"2023-12-15T23:10:02+00:00\",\"description\":\"Si es detenido por las autoridades de inmigraci\u00f3n, puede tener derecho a solicitar una fianza. No entre solo en la sala del tribunal.\",\"breadcrumb\":{\"@id\":\"https:\\\/\\\/www.mamorganlaw.com\\\/es\\\/bonos\\\/#breadcrumb\"},\"inLanguage\":\"es\",\"potentialAction\":[{\"@type\":\"ReadAction\",\"target\":[\"https:\\\/\\\/www.mamorganlaw.com\\\/es\\\/bonos\\\/\"]}]},{\"@type\":\"BreadcrumbList\",\"@id\":\"https:\\\/\\\/www.mamorganlaw.com\\\/es\\\/bonos\\\/#breadcrumb\",\"itemListElement\":[{\"@type\":\"ListItem\",\"position\":1,\"name\":\"Home\",\"item\":\"https:\\\/\\\/www.mamorganlaw.com\\\/es\\\/inicio\\\/\"},{\"@type\":\"ListItem\",\"position\":2,\"name\":\"Bonos\"}]},{\"@type\":\"WebSite\",\"@id\":\"https:\\\/\\\/www.mamorganlaw.com\\\/es\\\/#website\",\"url\":\"https:\\\/\\\/www.mamorganlaw.com\\\/es\\\/\",\"name\":\"M.A. Morgan and Associates\",\"description\":\"Texas Immigration Lawyers\",\"publisher\":{\"@id\":\"https:\\\/\\\/www.mamorganlaw.com\\\/es\\\/#organization\"},\"potentialAction\":[{\"@type\":\"SearchAction\",\"target\":{\"@type\":\"EntryPoint\",\"urlTemplate\":\"https:\\\/\\\/www.mamorganlaw.com\\\/es\\\/?s={search_term_string}\"},\"query-input\":{\"@type\":\"PropertyValueSpecification\",\"valueRequired\":true,\"valueName\":\"search_term_string\"}}],\"inLanguage\":\"es\"},{\"@type\":\"Organization\",\"@id\":\"https:\\\/\\\/www.mamorganlaw.com\\\/es\\\/#organization\",\"name\":\"M.A. Morgan and Associates, PLLC\",\"url\":\"https:\\\/\\\/www.mamorganlaw.com\\\/es\\\/\",\"logo\":{\"@type\":\"ImageObject\",\"inLanguage\":\"es\",\"@id\":\"https:\\\/\\\/www.mamorganlaw.com\\\/es\\\/#\\\/schema\\\/logo\\\/image\\\/\",\"url\":\"https:\\\/\\\/www.mamorganlaw.com\\\/wp-content\\\/uploads\\\/2022\\\/01\\\/cropped-MA-Logo.png\",\"contentUrl\":\"https:\\\/\\\/www.mamorganlaw.com\\\/wp-content\\\/uploads\\\/2022\\\/01\\\/cropped-MA-Logo.png\",\"width\":512,\"height\":512,\"caption\":\"M.A. Morgan and Associates, PLLC\"},\"image\":{\"@id\":\"https:\\\/\\\/www.mamorganlaw.com\\\/es\\\/#\\\/schema\\\/logo\\\/image\\\/\"},\"sameAs\":[\"https:\\\/\\\/www.facebook.com\\\/mamorganlaw\",\"https:\\\/\\\/www.instagram.com\\\/mamorganlaw\\\/\",\"https:\\\/\\\/www.linkedin.com\\\/company\\\/mamorganlaw\",\"https:\\\/\\\/www.youtube.com\\\/channel\\\/UCVwHE_0smaIbWv6Y7chcFrQ\"]}]}<\/script>\n<!-- \/ Yoast SEO plugin. -->","yoast_head_json":{"title":"Bonos | M.A. Morgan and Associates","description":"Si es detenido por las autoridades de inmigraci\u00f3n, puede tener derecho a solicitar una fianza. No entre solo en la sala del tribunal.","robots":{"index":"index","follow":"follow","max-snippet":"max-snippet:-1","max-image-preview":"max-image-preview:large","max-video-preview":"max-video-preview:-1"},"canonical":"https:\/\/www.mamorganlaw.com\/es\/bonos\/","og_locale":"es_ES","og_type":"article","og_title":"Bonos | M.A. Morgan and Associates","og_description":"Si es detenido por las autoridades de inmigraci\u00f3n, puede tener derecho a solicitar una fianza. No entre solo en la sala del tribunal.","og_url":"https:\/\/www.mamorganlaw.com\/es\/bonos\/","og_site_name":"M.A. Morgan and Associates","article_publisher":"https:\/\/www.facebook.com\/mamorganlaw","article_modified_time":"2023-12-15T23:10:02+00:00","twitter_card":"summary_large_image","twitter_misc":{"Tiempo de lectura":"6 minutos"},"schema":{"@context":"https:\/\/schema.org","@graph":[{"@type":"WebPage","@id":"https:\/\/www.mamorganlaw.com\/es\/bonos\/","url":"https:\/\/www.mamorganlaw.com\/es\/bonos\/","name":"Bonos | M.A. Morgan and Associates","isPartOf":{"@id":"https:\/\/www.mamorganlaw.com\/es\/#website"},"datePublished":"2021-05-07T23:58:12+00:00","dateModified":"2023-12-15T23:10:02+00:00","description":"Si es detenido por las autoridades de inmigraci\u00f3n, puede tener derecho a solicitar una fianza. No entre solo en la sala del tribunal.","breadcrumb":{"@id":"https:\/\/www.mamorganlaw.com\/es\/bonos\/#breadcrumb"},"inLanguage":"es","potentialAction":[{"@type":"ReadAction","target":["https:\/\/www.mamorganlaw.com\/es\/bonos\/"]}]},{"@type":"BreadcrumbList","@id":"https:\/\/www.mamorganlaw.com\/es\/bonos\/#breadcrumb","itemListElement":[{"@type":"ListItem","position":1,"name":"Home","item":"https:\/\/www.mamorganlaw.com\/es\/inicio\/"},{"@type":"ListItem","position":2,"name":"Bonos"}]},{"@type":"WebSite","@id":"https:\/\/www.mamorganlaw.com\/es\/#website","url":"https:\/\/www.mamorganlaw.com\/es\/","name":"M.A. Morgan and Associates","description":"Texas Immigration Lawyers","publisher":{"@id":"https:\/\/www.mamorganlaw.com\/es\/#organization"},"potentialAction":[{"@type":"SearchAction","target":{"@type":"EntryPoint","urlTemplate":"https:\/\/www.mamorganlaw.com\/es\/?s={search_term_string}"},"query-input":{"@type":"PropertyValueSpecification","valueRequired":true,"valueName":"search_term_string"}}],"inLanguage":"es"},{"@type":"Organization","@id":"https:\/\/www.mamorganlaw.com\/es\/#organization","name":"M.A. Morgan and Associates, PLLC","url":"https:\/\/www.mamorganlaw.com\/es\/","logo":{"@type":"ImageObject","inLanguage":"es","@id":"https:\/\/www.mamorganlaw.com\/es\/#\/schema\/logo\/image\/","url":"https:\/\/www.mamorganlaw.com\/wp-content\/uploads\/2022\/01\/cropped-MA-Logo.png","contentUrl":"https:\/\/www.mamorganlaw.com\/wp-content\/uploads\/2022\/01\/cropped-MA-Logo.png","width":512,"height":512,"caption":"M.A. Morgan and Associates, PLLC"},"image":{"@id":"https:\/\/www.mamorganlaw.com\/es\/#\/schema\/logo\/image\/"},"sameAs":["https:\/\/www.facebook.com\/mamorganlaw","https:\/\/www.instagram.com\/mamorganlaw\/","https:\/\/www.linkedin.com\/company\/mamorganlaw","https:\/\/www.youtube.com\/channel\/UCVwHE_0smaIbWv6Y7chcFrQ"]}]}},"_links":{"self":[{"href":"https:\/\/www.mamorganlaw.com\/es\/wp-json\/wp\/v2\/pages\/13844","targetHints":{"allow":["GET"]}}],"collection":[{"href":"https:\/\/www.mamorganlaw.com\/es\/wp-json\/wp\/v2\/pages"}],"about":[{"href":"https:\/\/www.mamorganlaw.com\/es\/wp-json\/wp\/v2\/types\/page"}],"author":[{"embeddable":true,"href":"https:\/\/www.mamorganlaw.com\/es\/wp-json\/wp\/v2\/users\/24"}],"replies":[{"embeddable":true,"href":"https:\/\/www.mamorganlaw.com\/es\/wp-json\/wp\/v2\/comments?post=13844"}],"version-history":[{"count":4,"href":"https:\/\/www.mamorganlaw.com\/es\/wp-json\/wp\/v2\/pages\/13844\/revisions"}],"predecessor-version":[{"id":13958,"href":"https:\/\/www.mamorganlaw.com\/es\/wp-json\/wp\/v2\/pages\/13844\/revisions\/13958"}],"wp:attachment":[{"href":"https:\/\/www.mamorganlaw.com\/es\/wp-json\/wp\/v2\/media?parent=13844"}],"curies":[{"name":"wp","href":"https:\/\/api.w.org\/{rel}","templated":true}]}}