{"id":13847,"date":"2021-05-08T05:58:12","date_gmt":"2021-05-07T23:58:12","guid":{"rendered":"https:\/\/www.mamorganlaw.com\/ciudadania\/"},"modified":"2023-12-16T05:10:11","modified_gmt":"2023-12-15T23:10:11","slug":"ciudadania","status":"publish","type":"page","link":"https:\/\/www.mamorganlaw.com\/es\/ciudadania\/","title":{"rendered":"Ciudadan\u00eda"},"content":{"rendered":"<div class=\"fusion-fullwidth fullwidth-box fusion-builder-row-1 fusion-flex-container nonhundred-percent-fullwidth non-hundred-percent-height-scrolling\" style=\"--awb-border-radius-top-left:0px;--awb-border-radius-top-right:0px;--awb-border-radius-bottom-right:0px;--awb-border-radius-bottom-left:0px;--awb-flex-wrap:wrap;\" ><div class=\"fusion-builder-row fusion-row fusion-flex-align-items-flex-start fusion-flex-content-wrap\" style=\"max-width:1216.8px;margin-left: calc(-4% \/ 2 );margin-right: calc(-4% \/ 2 );\"><div class=\"fusion-layout-column fusion_builder_column fusion-builder-column-0 fusion_builder_column_2_3 2_3 fusion-flex-column\" style=\"--awb-bg-blend:overlay;--awb-bg-size:cover;--awb-width-large:66.666666666667%;--awb-margin-top-large:0px;--awb-spacing-right-large:3.84%;--awb-margin-bottom-large:0px;--awb-spacing-left-large:2.88%;--awb-width-medium:100%;--awb-spacing-right-medium:1.92%;--awb-spacing-left-medium:1.92%;--awb-width-small:100%;--awb-spacing-right-small:1.92%;--awb-spacing-left-small:1.92%;\"><div class=\"fusion-column-wrapper fusion-flex-justify-content-flex-start fusion-content-layout-column\"><div class=\"fusion-text fusion-text-1\"><h1><span style=\"color: #4a598c;\">Abogados de ciudadan\u00eda de Texas<\/span><\/h1>\n<p style=\"text-align: left;\">Estados Unidos es una naci\u00f3n de inmigrantes. Celebramos nuestra diversidad y encontramos la fuerza en la multitud de culturas que acogemos en nuestro pa\u00eds. Sin embargo, tambi\u00e9n somos una naci\u00f3n de leyes y un error puede tener consecuencias que cambien la vida incluso de residentes de larga duraci\u00f3n. El \u00faltimo paso para realmente llamar a Estados Unidos su hogar es convertirse en ciudadano estadounidense a trav\u00e9s de un proceso conocido como \u00abnaturalizaci\u00f3n\u00bb.<\/p>\n<p>A casi todos los efectos, la ciudadan\u00eda es algo que nunca te pueden quitar. Esto incluye todos los derechos y beneficios de que disfrutan los ciudadanos estadounidenses. Adem\u00e1s de su propio derecho personal a permanecer en Estados Unidos, tendr\u00eda una mayor capacidad para ayudar a sus seres queridos a emigrar o permanecer en Estados Unidos. Tu derecho al voto garantiza que tu voz sea escuchada y te da los medios para lograr un cambio real en nuestro pa\u00eds.<\/p>\n<p>El camino para disfrutar de estos derechos y m\u00e1s no siempre es f\u00e1cil, pero en M.A. Morgan &amp; Associates estamos aqu\u00ed para guiarle en su camino hacia la ciudadan\u00eda estadounidense. Mientras que el proceso de naturalizaci\u00f3n puede ser m\u00e1s complicado que una tarjeta verde, nuestra firma le ayudar\u00e1 a tener la confianza en dar el paso final para llamar a Estados Unidos su hogar.<\/p>\n<\/div><\/div><\/div><div class=\"fusion-layout-column fusion_builder_column fusion-builder-column-1 fusion_builder_column_1_3 1_3 fusion-flex-column\" style=\"--awb-padding-right:20px;--awb-padding-left:20px;--awb-bg-color:#ffffff;--awb-bg-color-hover:#ffffff;--awb-bg-size:cover;--awb-width-large:33.333333333333%;--awb-margin-top-large:0px;--awb-spacing-right-large:0%;--awb-margin-bottom-large:0px;--awb-spacing-left-large:0%;--awb-width-medium:100%;--awb-order-medium:0;--awb-spacing-right-medium:1.92%;--awb-spacing-left-medium:1.92%;--awb-width-small:100%;--awb-order-small:0;--awb-spacing-right-small:1.92%;--awb-spacing-left-small:1.92%;\" data-scroll-devices=\"small-visibility,medium-visibility,large-visibility\"><div class=\"fusion-column-wrapper fusion-column-has-shadow fusion-flex-justify-content-flex-start fusion-content-layout-column\"><div class=\"fusion-text fusion-text-2 fusion-text-no-margin\" style=\"--awb-margin-bottom:0px;\"><h3><span style=\"color: #4a598c;\"><strong>Contact Us for an Evaluation<\/strong><\/span><\/h3>\n<\/div><div id=\"lf_form_container\">\n    <form method=\"post\" action=\"\/es\/wp-json\/wp\/v2\/pages\/13847\">\n    <input type=\"hidden\" id=\"_wpnonce\" name=\"_wpnonce\" value=\"e22f00d77c\" \/><input type=\"hidden\" name=\"_wp_http_referer\" value=\"\/es\/wp-json\/wp\/v2\/pages\/13847\" \/>                <h3><\/h3>\n        <p id=\"lf_first_name_block\">\n            <label class=\"description\" for=\"lf_first_name\"><\/label>\n            <input id=\"lf_first_name\" name=\"lf_first_name\" type=\"text\" maxlength=\"255\" value=\"\" required='required' placeholder=\"First Name*\" \/>\n        <\/p>\n        <p id=\"lf_last_name_block\">\n            <label class=\"description\" for=\"lf_last_name\"><\/label>\n            <input id=\"lf_last_name\" name=\"lf_last_name\" type=\"text\" maxlength=\"255\" value=\"\" required='required' placeholder=\"Last Name*\" \/>\n        <\/p>\n        <p id=\"lf_email_block\">\n            <label class=\"description\" for=\"lf_email\"><\/label>\n            <input id=\"lf_email\" name=\"lf_email\" type=\"email\" maxlength=\"255\" value=\"\" required='required' placeholder=\"Email*\" \/>\n        <\/p>\n        <p id=\"lf_phone_block\">\n            <label class=\"description\" for=\"lf_phone\"><\/label>\n            <input id=\"lf_phone\" name=\"lf_phone\" type=\"text\" maxlength=\"24\" value=\"\" placeholder=\"Phone*\" \/>\n        <\/p>\n        <p id=\"lf_message_block\">\n            <label class=\"description\" for=\"lf_message\"><\/label>\n\t\t\t<textarea id=\"lf_message\" name=\"lf_message\" required='required' placeholder=\"Message*\"><\/textarea>\n        <\/p>\n\n\t\t\n        <div id=\"lf_wrap\" style=\"display:none;\">\n            <label class=\"description\" for=\"leave_this_blank\">Leave this Blank if are sentient <\/label>\n            <input name=\"leave_this_blank_url\" type=\"text\" value=\"\" id=\"leave_this_blank\"\/>\n        <\/div>\n\n        <!-- Load reCAPTCHA site key on frontend only (admin preview doesn't need reCAPTCHA) -->\n\t\t\n        <input type=\"hidden\" name=\"leave_this_alone\" value=\"MTc3NjQ0OTQ3NA==\"\/>\n        <p class=\"buttons\">\n            <input type=\"hidden\" name=\"form_id\" value=\"1044046\" \/>\n            <input id=\"saveForm\" class=\"button_text\" type=\"submit\" name=\"lf_submit\" value=\"GET STARTED FOR FREE\" style=\"background-color: #C72814; color:#ffffff\" \/>\n        <\/p>\n    <\/form>\n<\/div>\n\n<!-- Load reCAPTCHA JavaScript only on frontend (library not available in admin) -->\n<\/div><\/div>\n<\/div><\/div>\n","protected":false},"excerpt":{"rendered":"","protected":false},"author":24,"featured_media":0,"parent":0,"menu_order":0,"comment_status":"closed","ping_status":"closed","template":"","meta":{"_monsterinsights_skip_tracking":false,"_monsterinsights_sitenote_active":false,"_monsterinsights_sitenote_note":"","_monsterinsights_sitenote_category":0,"footnotes":""},"class_list":["post-13847","page","type-page","status-publish","hentry"],"yoast_head":"<!-- This site is optimized with the Yoast SEO plugin v27.4 - https:\/\/yoast.com\/product\/yoast-seo-wordpress\/ -->\n<title>Ciudadan\u00eda | M.A. Morgan and Associates<\/title>\n<meta name=\"description\" content=\"El \u00faltimo paso para realmente llamar a Estados Unidos su hogar es convertirse en ciudadano estadounidense a trav\u00e9s de un proceso conocido como &quot;naturalizaci\u00f3n&quot;.\" \/>\n<meta name=\"robots\" content=\"index, follow, max-snippet:-1, max-image-preview:large, max-video-preview:-1\" \/>\n<link rel=\"canonical\" href=\"https:\/\/www.mamorganlaw.com\/es\/ciudadania\/\" \/>\n<meta property=\"og:locale\" content=\"es_ES\" \/>\n<meta property=\"og:type\" content=\"article\" \/>\n<meta property=\"og:title\" content=\"Ciudadan\u00eda | M.A. Morgan and Associates\" \/>\n<meta property=\"og:description\" content=\"El \u00faltimo paso para realmente llamar a Estados Unidos su hogar es convertirse en ciudadano estadounidense a trav\u00e9s de un proceso conocido como &quot;naturalizaci\u00f3n&quot;.\" \/>\n<meta property=\"og:url\" content=\"https:\/\/www.mamorganlaw.com\/es\/ciudadania\/\" \/>\n<meta property=\"og:site_name\" content=\"M.A. Morgan and Associates\" \/>\n<meta property=\"article:publisher\" content=\"https:\/\/www.facebook.com\/mamorganlaw\" \/>\n<meta property=\"article:modified_time\" content=\"2023-12-15T23:10:11+00:00\" \/>\n<meta name=\"twitter:card\" content=\"summary_large_image\" \/>\n<meta name=\"twitter:label1\" content=\"Tiempo de lectura\" \/>\n\t<meta name=\"twitter:data1\" content=\"2 minutos\" \/>\n<script type=\"application\/ld+json\" class=\"yoast-schema-graph\">{\"@context\":\"https:\\\/\\\/schema.org\",\"@graph\":[{\"@type\":\"WebPage\",\"@id\":\"https:\\\/\\\/www.mamorganlaw.com\\\/es\\\/ciudadania\\\/\",\"url\":\"https:\\\/\\\/www.mamorganlaw.com\\\/es\\\/ciudadania\\\/\",\"name\":\"Ciudadan\u00eda | M.A. Morgan and Associates\",\"isPartOf\":{\"@id\":\"https:\\\/\\\/www.mamorganlaw.com\\\/es\\\/#website\"},\"datePublished\":\"2021-05-07T23:58:12+00:00\",\"dateModified\":\"2023-12-15T23:10:11+00:00\",\"description\":\"El \u00faltimo paso para realmente llamar a Estados Unidos su hogar es convertirse en ciudadano estadounidense a trav\u00e9s de un proceso conocido como \\\"naturalizaci\u00f3n\\\".\",\"breadcrumb\":{\"@id\":\"https:\\\/\\\/www.mamorganlaw.com\\\/es\\\/ciudadania\\\/#breadcrumb\"},\"inLanguage\":\"es\",\"potentialAction\":[{\"@type\":\"ReadAction\",\"target\":[\"https:\\\/\\\/www.mamorganlaw.com\\\/es\\\/ciudadania\\\/\"]}]},{\"@type\":\"BreadcrumbList\",\"@id\":\"https:\\\/\\\/www.mamorganlaw.com\\\/es\\\/ciudadania\\\/#breadcrumb\",\"itemListElement\":[{\"@type\":\"ListItem\",\"position\":1,\"name\":\"Home\",\"item\":\"https:\\\/\\\/www.mamorganlaw.com\\\/es\\\/inicio\\\/\"},{\"@type\":\"ListItem\",\"position\":2,\"name\":\"Ciudadan\u00eda\"}]},{\"@type\":\"WebSite\",\"@id\":\"https:\\\/\\\/www.mamorganlaw.com\\\/es\\\/#website\",\"url\":\"https:\\\/\\\/www.mamorganlaw.com\\\/es\\\/\",\"name\":\"M.A. Morgan and Associates\",\"description\":\"Texas Immigration Lawyers\",\"publisher\":{\"@id\":\"https:\\\/\\\/www.mamorganlaw.com\\\/es\\\/#organization\"},\"potentialAction\":[{\"@type\":\"SearchAction\",\"target\":{\"@type\":\"EntryPoint\",\"urlTemplate\":\"https:\\\/\\\/www.mamorganlaw.com\\\/es\\\/?s={search_term_string}\"},\"query-input\":{\"@type\":\"PropertyValueSpecification\",\"valueRequired\":true,\"valueName\":\"search_term_string\"}}],\"inLanguage\":\"es\"},{\"@type\":\"Organization\",\"@id\":\"https:\\\/\\\/www.mamorganlaw.com\\\/es\\\/#organization\",\"name\":\"M.A. Morgan and Associates, PLLC\",\"url\":\"https:\\\/\\\/www.mamorganlaw.com\\\/es\\\/\",\"logo\":{\"@type\":\"ImageObject\",\"inLanguage\":\"es\",\"@id\":\"https:\\\/\\\/www.mamorganlaw.com\\\/es\\\/#\\\/schema\\\/logo\\\/image\\\/\",\"url\":\"https:\\\/\\\/www.mamorganlaw.com\\\/wp-content\\\/uploads\\\/2022\\\/01\\\/cropped-MA-Logo.png\",\"contentUrl\":\"https:\\\/\\\/www.mamorganlaw.com\\\/wp-content\\\/uploads\\\/2022\\\/01\\\/cropped-MA-Logo.png\",\"width\":512,\"height\":512,\"caption\":\"M.A. Morgan and Associates, PLLC\"},\"image\":{\"@id\":\"https:\\\/\\\/www.mamorganlaw.com\\\/es\\\/#\\\/schema\\\/logo\\\/image\\\/\"},\"sameAs\":[\"https:\\\/\\\/www.facebook.com\\\/mamorganlaw\",\"https:\\\/\\\/www.instagram.com\\\/mamorganlaw\\\/\",\"https:\\\/\\\/www.linkedin.com\\\/company\\\/mamorganlaw\",\"https:\\\/\\\/www.youtube.com\\\/channel\\\/UCVwHE_0smaIbWv6Y7chcFrQ\"]}]}<\/script>\n<!-- \/ Yoast SEO plugin. -->","yoast_head_json":{"title":"Ciudadan\u00eda | M.A. Morgan and Associates","description":"El \u00faltimo paso para realmente llamar a Estados Unidos su hogar es convertirse en ciudadano estadounidense a trav\u00e9s de un proceso conocido como \"naturalizaci\u00f3n\".","robots":{"index":"index","follow":"follow","max-snippet":"max-snippet:-1","max-image-preview":"max-image-preview:large","max-video-preview":"max-video-preview:-1"},"canonical":"https:\/\/www.mamorganlaw.com\/es\/ciudadania\/","og_locale":"es_ES","og_type":"article","og_title":"Ciudadan\u00eda | M.A. Morgan and Associates","og_description":"El \u00faltimo paso para realmente llamar a Estados Unidos su hogar es convertirse en ciudadano estadounidense a trav\u00e9s de un proceso conocido como \"naturalizaci\u00f3n\".","og_url":"https:\/\/www.mamorganlaw.com\/es\/ciudadania\/","og_site_name":"M.A. Morgan and Associates","article_publisher":"https:\/\/www.facebook.com\/mamorganlaw","article_modified_time":"2023-12-15T23:10:11+00:00","twitter_card":"summary_large_image","twitter_misc":{"Tiempo de lectura":"2 minutos"},"schema":{"@context":"https:\/\/schema.org","@graph":[{"@type":"WebPage","@id":"https:\/\/www.mamorganlaw.com\/es\/ciudadania\/","url":"https:\/\/www.mamorganlaw.com\/es\/ciudadania\/","name":"Ciudadan\u00eda | M.A. Morgan and Associates","isPartOf":{"@id":"https:\/\/www.mamorganlaw.com\/es\/#website"},"datePublished":"2021-05-07T23:58:12+00:00","dateModified":"2023-12-15T23:10:11+00:00","description":"El \u00faltimo paso para realmente llamar a Estados Unidos su hogar es convertirse en ciudadano estadounidense a trav\u00e9s de un proceso conocido como \"naturalizaci\u00f3n\".","breadcrumb":{"@id":"https:\/\/www.mamorganlaw.com\/es\/ciudadania\/#breadcrumb"},"inLanguage":"es","potentialAction":[{"@type":"ReadAction","target":["https:\/\/www.mamorganlaw.com\/es\/ciudadania\/"]}]},{"@type":"BreadcrumbList","@id":"https:\/\/www.mamorganlaw.com\/es\/ciudadania\/#breadcrumb","itemListElement":[{"@type":"ListItem","position":1,"name":"Home","item":"https:\/\/www.mamorganlaw.com\/es\/inicio\/"},{"@type":"ListItem","position":2,"name":"Ciudadan\u00eda"}]},{"@type":"WebSite","@id":"https:\/\/www.mamorganlaw.com\/es\/#website","url":"https:\/\/www.mamorganlaw.com\/es\/","name":"M.A. Morgan and Associates","description":"Texas Immigration Lawyers","publisher":{"@id":"https:\/\/www.mamorganlaw.com\/es\/#organization"},"potentialAction":[{"@type":"SearchAction","target":{"@type":"EntryPoint","urlTemplate":"https:\/\/www.mamorganlaw.com\/es\/?s={search_term_string}"},"query-input":{"@type":"PropertyValueSpecification","valueRequired":true,"valueName":"search_term_string"}}],"inLanguage":"es"},{"@type":"Organization","@id":"https:\/\/www.mamorganlaw.com\/es\/#organization","name":"M.A. Morgan and Associates, PLLC","url":"https:\/\/www.mamorganlaw.com\/es\/","logo":{"@type":"ImageObject","inLanguage":"es","@id":"https:\/\/www.mamorganlaw.com\/es\/#\/schema\/logo\/image\/","url":"https:\/\/www.mamorganlaw.com\/wp-content\/uploads\/2022\/01\/cropped-MA-Logo.png","contentUrl":"https:\/\/www.mamorganlaw.com\/wp-content\/uploads\/2022\/01\/cropped-MA-Logo.png","width":512,"height":512,"caption":"M.A. Morgan and Associates, PLLC"},"image":{"@id":"https:\/\/www.mamorganlaw.com\/es\/#\/schema\/logo\/image\/"},"sameAs":["https:\/\/www.facebook.com\/mamorganlaw","https:\/\/www.instagram.com\/mamorganlaw\/","https:\/\/www.linkedin.com\/company\/mamorganlaw","https:\/\/www.youtube.com\/channel\/UCVwHE_0smaIbWv6Y7chcFrQ"]}]}},"_links":{"self":[{"href":"https:\/\/www.mamorganlaw.com\/es\/wp-json\/wp\/v2\/pages\/13847","targetHints":{"allow":["GET"]}}],"collection":[{"href":"https:\/\/www.mamorganlaw.com\/es\/wp-json\/wp\/v2\/pages"}],"about":[{"href":"https:\/\/www.mamorganlaw.com\/es\/wp-json\/wp\/v2\/types\/page"}],"author":[{"embeddable":true,"href":"https:\/\/www.mamorganlaw.com\/es\/wp-json\/wp\/v2\/users\/24"}],"replies":[{"embeddable":true,"href":"https:\/\/www.mamorganlaw.com\/es\/wp-json\/wp\/v2\/comments?post=13847"}],"version-history":[{"count":7,"href":"https:\/\/www.mamorganlaw.com\/es\/wp-json\/wp\/v2\/pages\/13847\/revisions"}],"predecessor-version":[{"id":13960,"href":"https:\/\/www.mamorganlaw.com\/es\/wp-json\/wp\/v2\/pages\/13847\/revisions\/13960"}],"wp:attachment":[{"href":"https:\/\/www.mamorganlaw.com\/es\/wp-json\/wp\/v2\/media?parent=13847"}],"curies":[{"name":"wp","href":"https:\/\/api.w.org\/{rel}","templated":true}]}}