{"id":13868,"date":"2021-05-08T05:58:12","date_gmt":"2021-05-07T23:58:12","guid":{"rendered":"https:\/\/www.mamorganlaw.com\/tarjetas-verdes\/"},"modified":"2023-12-16T05:11:44","modified_gmt":"2023-12-15T23:11:44","slug":"tarjetas-verdes","status":"publish","type":"page","link":"https:\/\/www.mamorganlaw.com\/es\/tarjetas-verdes\/","title":{"rendered":"Tarjetas verdes"},"content":{"rendered":"<p><div class=\"fusion-fullwidth fullwidth-box fusion-builder-row-1 fusion-flex-container nonhundred-percent-fullwidth non-hundred-percent-height-scrolling\" style=\"--awb-border-radius-top-left:0px;--awb-border-radius-top-right:0px;--awb-border-radius-bottom-right:0px;--awb-border-radius-bottom-left:0px;--awb-flex-wrap:wrap;\" ><div class=\"fusion-builder-row fusion-row fusion-flex-align-items-flex-start fusion-flex-content-wrap\" style=\"max-width:1216.8px;margin-left: calc(-4% \/ 2 );margin-right: calc(-4% \/ 2 );\"><div class=\"fusion-layout-column fusion_builder_column fusion-builder-column-0 fusion_builder_column_2_3 2_3 fusion-flex-column\" style=\"--awb-bg-size:cover;--awb-width-large:66.666666666667%;--awb-margin-top-large:0px;--awb-spacing-right-large:3.84%;--awb-margin-bottom-large:0px;--awb-spacing-left-large:2.88%;--awb-width-medium:100%;--awb-spacing-right-medium:1.92%;--awb-spacing-left-medium:1.92%;--awb-width-small:100%;--awb-spacing-right-small:1.92%;--awb-spacing-left-small:1.92%;\"><div class=\"fusion-column-wrapper fusion-flex-justify-content-flex-start fusion-content-layout-column\"><div class=\"fusion-text fusion-text-1\"><h1><span style=\"color: #4a598c;\">Abogados de la tarjeta verde de Texas<\/span><\/h1>\n<p style=\"text-align: left;\"><strong>La Ley de Inmigraci\u00f3n y Nacionalidad (INA) ofrece <em>dos v\u00edas principales<\/em> para obtener el estatuto de residente legal permanente (tarjeta verde):<\/strong><\/p>\n<h2 style=\"text-align: left;\"><strong>V\u00eda 1 &#8211; Adaptaci\u00f3n del estatuto:<\/strong><\/h2>\n<p style=\"text-align: left;\">El ajuste de estatus es un medio alternativo para obtener una tarjeta verde <em>sin<\/em> tener que salir de los Estados Unidos. <em>Su <\/em><em> entrevista<\/em> de<em>ajuste<\/em> tendr\u00e1 lugar<em> en una oficina local del USCIS<\/em><em> dentro de los Estados Unidos.<\/em><\/p>\n<p style=\"text-align: left;\"><strong>Si usted est\u00e1 tratando de determinar si califica o no para una Tarjeta Verde, le animamos a revisar cuidadosamente la informaci\u00f3n y los recursos que hemos proporcionado para su beneficio.  <\/strong><\/p>\n<p style=\"text-align: left;\">USCIS ha publicado una gu\u00eda detallada sobre este tema disponible en <a href=\"http:\/\/www.uscis.gov\/node\/42302\">Green Card Processes &amp; Procedures<\/a>.<\/p>\n<h2 style=\"text-align: left;\"><strong>V\u00eda 2 &#8211; <\/strong><strong>Tramitaci\u00f3n consular:<\/strong><\/h2>\n<p style=\"text-align: left;\"><em>Si solicita la Tarjeta Verde por v\u00eda consular, tendr\u00e1 que salir de Estados Unidos y acudir a una entrevista de inmigraci\u00f3n en un consulado extranjero.<\/em><\/p>\n<\/div><\/div><\/div><div class=\"fusion-layout-column fusion_builder_column fusion-builder-column-1 fusion_builder_column_1_3 1_3 fusion-flex-column\" style=\"--awb-padding-right:20px;--awb-padding-left:20px;--awb-bg-color:#ffffff;--awb-bg-color-hover:#ffffff;--awb-bg-size:cover;--awb-width-large:33.333333333333%;--awb-margin-top-large:0px;--awb-spacing-right-large:0%;--awb-margin-bottom-large:0px;--awb-spacing-left-large:0%;--awb-width-medium:100%;--awb-order-medium:0;--awb-spacing-right-medium:1.92%;--awb-spacing-left-medium:1.92%;--awb-width-small:100%;--awb-order-small:0;--awb-spacing-right-small:1.92%;--awb-spacing-left-small:1.92%;\" data-scroll-devices=\"small-visibility,medium-visibility,large-visibility\"><div class=\"fusion-column-wrapper fusion-column-has-shadow fusion-flex-justify-content-flex-start fusion-content-layout-column\"><div class=\"fusion-text fusion-text-2 fusion-text-no-margin\" style=\"--awb-margin-bottom:0px;\"><h3><span style=\"color: #4a598c;\"><strong>Contact Us for an Evaluation<\/strong><\/span><\/h3>\n<\/div><div id=\"lf_form_container\">\n    <form method=\"post\" action=\"\/es\/wp-json\/wp\/v2\/pages\/13868\">\n    <input type=\"hidden\" id=\"_wpnonce\" name=\"_wpnonce\" value=\"730dbbc79d\" \/><input type=\"hidden\" name=\"_wp_http_referer\" value=\"\/es\/wp-json\/wp\/v2\/pages\/13868\" \/>                <h3><\/h3>\n        <p id=\"lf_first_name_block\">\n            <label class=\"description\" for=\"lf_first_name\"><\/label>\n            <input id=\"lf_first_name\" name=\"lf_first_name\" type=\"text\" maxlength=\"255\" value=\"\" required='required' placeholder=\"First Name*\" \/>\n        <\/p>\n        <p id=\"lf_last_name_block\">\n            <label class=\"description\" for=\"lf_last_name\"><\/label>\n            <input id=\"lf_last_name\" name=\"lf_last_name\" type=\"text\" maxlength=\"255\" value=\"\" required='required' placeholder=\"Last Name*\" \/>\n        <\/p>\n        <p id=\"lf_email_block\">\n            <label class=\"description\" for=\"lf_email\"><\/label>\n            <input id=\"lf_email\" name=\"lf_email\" type=\"email\" maxlength=\"255\" value=\"\" required='required' placeholder=\"Email*\" \/>\n        <\/p>\n        <p id=\"lf_phone_block\">\n            <label class=\"description\" for=\"lf_phone\"><\/label>\n            <input id=\"lf_phone\" name=\"lf_phone\" type=\"text\" maxlength=\"24\" value=\"\" placeholder=\"Phone*\" \/>\n        <\/p>\n        <p id=\"lf_message_block\">\n            <label class=\"description\" for=\"lf_message\"><\/label>\n\t\t\t<textarea id=\"lf_message\" name=\"lf_message\" required='required' placeholder=\"Message*\"><\/textarea>\n        <\/p>\n\n\t\t\n        <div id=\"lf_wrap\" style=\"display:none;\">\n            <label class=\"description\" for=\"leave_this_blank\">Leave this Blank if are sentient <\/label>\n            <input name=\"leave_this_blank_url\" type=\"text\" value=\"\" id=\"leave_this_blank\"\/>\n        <\/div>\n\n        <!-- Load reCAPTCHA site key on frontend only (admin preview doesn't need reCAPTCHA) -->\n\t\t\n        <input type=\"hidden\" name=\"leave_this_alone\" value=\"MTc3NzU3Mjk2Ng==\"\/>\n        <p class=\"buttons\">\n            <input type=\"hidden\" name=\"form_id\" value=\"1044046\" \/>\n            <input id=\"saveForm\" class=\"button_text\" type=\"submit\" name=\"lf_submit\" value=\"GET STARTED FOR FREE\" style=\"background-color: #C72814; color:#ffffff\" \/>\n        <\/p>\n    <\/form>\n<\/div>\n\n<!-- Load reCAPTCHA JavaScript only on frontend (library not available in admin) -->\n<\/div><\/div>\n<\/div><\/div><div class=\"fusion-fullwidth fullwidth-box fusion-builder-row-2 fusion-flex-container has-pattern-background has-mask-background nonhundred-percent-fullwidth non-hundred-percent-height-scrolling\" style=\"--awb-border-radius-top-left:0px;--awb-border-radius-top-right:0px;--awb-border-radius-bottom-right:0px;--awb-border-radius-bottom-left:0px;--awb-flex-wrap:wrap;\" ><div class=\"fusion-builder-row fusion-row fusion-flex-align-items-flex-start fusion-flex-content-wrap\" style=\"max-width:1216.8px;margin-left: calc(-4% \/ 2 );margin-right: calc(-4% \/ 2 );\"><div class=\"fusion-layout-column fusion_builder_column fusion-builder-column-2 fusion_builder_column_1_1 1_1 fusion-flex-column\" style=\"--awb-bg-size:cover;--awb-width-large:100%;--awb-margin-top-large:0px;--awb-spacing-right-large:1.92%;--awb-margin-bottom-large:20px;--awb-spacing-left-large:1.92%;--awb-width-medium:100%;--awb-order-medium:0;--awb-spacing-right-medium:1.92%;--awb-spacing-left-medium:1.92%;--awb-width-small:100%;--awb-order-small:0;--awb-spacing-right-small:1.92%;--awb-spacing-left-small:1.92%;\"><div class=\"fusion-column-wrapper fusion-column-has-shadow fusion-flex-justify-content-flex-start fusion-content-layout-column\"><div class=\"fusion-text fusion-text-3\"><h3 style=\"text-align: left;\"><strong>Planificaci\u00f3n de la v\u00eda de ajuste de estatus:<\/strong><\/h3>\n<ol>\n<li style=\"text-align: left;\">Revise las orientaciones del USCIS para determinar la <a title=\"Categor\u00edas de elegibilidad para la tarjeta verde del USCIS\" href=\"https:\/\/www.uscis.gov\/green-card\/green-card-eligibility-categories\">Categor\u00eda de Elegibilidad para la Tarjeta<\/a> Verde que m\u00e1s se acerque a sus circunstancias personales. El USCIS ofrece siete categor\u00edas principales de permisos de residencia: (1) Basada en la familia; (2) Basada en el empleo; (3) Inmigrante especial; (4) Refugiado\/Asilado; (5) V\u00edctimas de la trata de seres humanos; (6) V\u00edctimas de delitos; Y (7) Otros programas de inmigraci\u00f3n.<\/li>\n<li style=\"text-align: left;\">Aunque la gran mayor\u00eda de los solicitantes se presentan en una categor\u00eda basada en la familia, un abogado de inmigraci\u00f3n con experiencia deber\u00eda ayudarle a navegar por alternativas m\u00e1s matizadas.<\/li>\n<li style=\"text-align: left;\">Cumpla las normas m\u00e1s estrictas, ya que una preparaci\u00f3n diligente refuerza su caso. No oculte datos a su abogado. Facilite a su abogado toda la documentaci\u00f3n e informaci\u00f3n lo antes posible, y conserve una copia organizada de todos los registros para seguir colaborando con nuestra oficina.<\/li>\n<\/ol>\n<h3 style=\"text-align: left;\"><strong>Planificaci\u00f3n de la v\u00eda de tramitaci\u00f3n consular:<\/strong><\/h3>\n<ol style=\"text-align: left;\">\n<li style=\"text-align: left;\">El primer paso en la tramitaci\u00f3n consular es que su familiar o su empleador presente una petici\u00f3n de inmigraci\u00f3n que le identifique como beneficiario inmigrante.<\/li>\n<li style=\"text-align: left;\">Una vez aprobada la petici\u00f3n de inmigrante mencionada en el paso 1, debe consultar la <a title=\"Bolet\u00edn de visados del Departamento de Estado de EE.UU.\" href=\"https:\/\/travel.state.gov\/content\/travel\/en\/legal\/visa-law0\/visa-bulletin.html\">p\u00e1gina del Bolet\u00edn de Visados<\/a> del Departamento de Estado de EE.UU. para comprobar si hay un visado disponible. La disponibilidad del visado depende de la categor\u00eda*** a la que se acoja. Si no est\u00e1 familiarizado con la jerga jur\u00eddica, le recomendamos que pida consejo a un abogado experto en inmigraci\u00f3n.<\/li>\n<li style=\"text-align: left;\">Una vez que dispone de un n\u00famero de visado de inmigrante, solicita en un consulado del Departamento de Estado de EE.UU. en el extranjero un visado de inmigrante para venir a Estados Unidos y ser admitido como residente permanente legal.<\/li>\n<\/ol>\n<\/div><\/div><\/div><\/div><\/div><\/p>\n","protected":false},"excerpt":{"rendered":"","protected":false},"author":24,"featured_media":0,"parent":0,"menu_order":0,"comment_status":"closed","ping_status":"closed","template":"100-width.php","meta":{"_monsterinsights_skip_tracking":false,"_monsterinsights_sitenote_active":false,"_monsterinsights_sitenote_note":"","_monsterinsights_sitenote_category":0,"footnotes":""},"class_list":["post-13868","page","type-page","status-publish","hentry"],"yoast_head":"<!-- This site is optimized with the Yoast SEO plugin v27.5 - https:\/\/yoast.com\/product\/yoast-seo-wordpress\/ -->\n<title>Tarjetas verdes | M.A. Morgan and Associates<\/title>\n<meta name=\"description\" content=\"La Ley de Inmigraci\u00f3n y Nacionalidad (INA) ofrece dos v\u00edas principales para obtener el estatuto de residente legal permanente (tarjeta verde):\" \/>\n<meta name=\"robots\" content=\"index, follow, max-snippet:-1, max-image-preview:large, max-video-preview:-1\" \/>\n<link rel=\"canonical\" href=\"https:\/\/www.mamorganlaw.com\/es\/tarjetas-verdes\/\" \/>\n<meta property=\"og:locale\" content=\"es_ES\" \/>\n<meta property=\"og:type\" content=\"article\" \/>\n<meta property=\"og:title\" content=\"Tarjetas verdes | M.A. Morgan and Associates\" \/>\n<meta property=\"og:description\" content=\"La Ley de Inmigraci\u00f3n y Nacionalidad (INA) ofrece dos v\u00edas principales para obtener el estatuto de residente legal permanente (tarjeta verde):\" \/>\n<meta property=\"og:url\" content=\"https:\/\/www.mamorganlaw.com\/es\/tarjetas-verdes\/\" \/>\n<meta property=\"og:site_name\" content=\"M.A. Morgan and Associates\" \/>\n<meta property=\"article:publisher\" content=\"https:\/\/www.facebook.com\/mamorganlaw\" \/>\n<meta property=\"article:modified_time\" content=\"2023-12-15T23:11:44+00:00\" \/>\n<meta name=\"twitter:card\" content=\"summary_large_image\" \/>\n<meta name=\"twitter:label1\" content=\"Tiempo de lectura\" \/>\n\t<meta name=\"twitter:data1\" content=\"8 minutos\" \/>\n<script type=\"application\/ld+json\" class=\"yoast-schema-graph\">{\"@context\":\"https:\\\/\\\/schema.org\",\"@graph\":[{\"@type\":\"WebPage\",\"@id\":\"https:\\\/\\\/www.mamorganlaw.com\\\/es\\\/tarjetas-verdes\\\/\",\"url\":\"https:\\\/\\\/www.mamorganlaw.com\\\/es\\\/tarjetas-verdes\\\/\",\"name\":\"Tarjetas verdes | M.A. Morgan and Associates\",\"isPartOf\":{\"@id\":\"https:\\\/\\\/www.mamorganlaw.com\\\/es\\\/#website\"},\"datePublished\":\"2021-05-07T23:58:12+00:00\",\"dateModified\":\"2023-12-15T23:11:44+00:00\",\"description\":\"La Ley de Inmigraci\u00f3n y Nacionalidad (INA) ofrece dos v\u00edas principales para obtener el estatuto de residente legal permanente (tarjeta verde):\",\"breadcrumb\":{\"@id\":\"https:\\\/\\\/www.mamorganlaw.com\\\/es\\\/tarjetas-verdes\\\/#breadcrumb\"},\"inLanguage\":\"es\",\"potentialAction\":[{\"@type\":\"ReadAction\",\"target\":[\"https:\\\/\\\/www.mamorganlaw.com\\\/es\\\/tarjetas-verdes\\\/\"]}]},{\"@type\":\"BreadcrumbList\",\"@id\":\"https:\\\/\\\/www.mamorganlaw.com\\\/es\\\/tarjetas-verdes\\\/#breadcrumb\",\"itemListElement\":[{\"@type\":\"ListItem\",\"position\":1,\"name\":\"Home\",\"item\":\"https:\\\/\\\/www.mamorganlaw.com\\\/es\\\/inicio\\\/\"},{\"@type\":\"ListItem\",\"position\":2,\"name\":\"Tarjetas verdes\"}]},{\"@type\":\"WebSite\",\"@id\":\"https:\\\/\\\/www.mamorganlaw.com\\\/es\\\/#website\",\"url\":\"https:\\\/\\\/www.mamorganlaw.com\\\/es\\\/\",\"name\":\"M.A. Morgan and Associates\",\"description\":\"Texas Immigration Lawyers\",\"publisher\":{\"@id\":\"https:\\\/\\\/www.mamorganlaw.com\\\/es\\\/#organization\"},\"potentialAction\":[{\"@type\":\"SearchAction\",\"target\":{\"@type\":\"EntryPoint\",\"urlTemplate\":\"https:\\\/\\\/www.mamorganlaw.com\\\/es\\\/?s={search_term_string}\"},\"query-input\":{\"@type\":\"PropertyValueSpecification\",\"valueRequired\":true,\"valueName\":\"search_term_string\"}}],\"inLanguage\":\"es\"},{\"@type\":\"Organization\",\"@id\":\"https:\\\/\\\/www.mamorganlaw.com\\\/es\\\/#organization\",\"name\":\"M.A. Morgan and Associates, PLLC\",\"url\":\"https:\\\/\\\/www.mamorganlaw.com\\\/es\\\/\",\"logo\":{\"@type\":\"ImageObject\",\"inLanguage\":\"es\",\"@id\":\"https:\\\/\\\/www.mamorganlaw.com\\\/es\\\/#\\\/schema\\\/logo\\\/image\\\/\",\"url\":\"https:\\\/\\\/www.mamorganlaw.com\\\/wp-content\\\/uploads\\\/2022\\\/01\\\/cropped-MA-Logo.png\",\"contentUrl\":\"https:\\\/\\\/www.mamorganlaw.com\\\/wp-content\\\/uploads\\\/2022\\\/01\\\/cropped-MA-Logo.png\",\"width\":512,\"height\":512,\"caption\":\"M.A. Morgan and Associates, PLLC\"},\"image\":{\"@id\":\"https:\\\/\\\/www.mamorganlaw.com\\\/es\\\/#\\\/schema\\\/logo\\\/image\\\/\"},\"sameAs\":[\"https:\\\/\\\/www.facebook.com\\\/mamorganlaw\",\"https:\\\/\\\/www.instagram.com\\\/mamorganlaw\\\/\",\"https:\\\/\\\/www.linkedin.com\\\/company\\\/mamorganlaw\",\"https:\\\/\\\/www.youtube.com\\\/channel\\\/UCVwHE_0smaIbWv6Y7chcFrQ\"]}]}<\/script>\n<!-- \/ Yoast SEO plugin. -->","yoast_head_json":{"title":"Tarjetas verdes | M.A. Morgan and Associates","description":"La Ley de Inmigraci\u00f3n y Nacionalidad (INA) ofrece dos v\u00edas principales para obtener el estatuto de residente legal permanente (tarjeta verde):","robots":{"index":"index","follow":"follow","max-snippet":"max-snippet:-1","max-image-preview":"max-image-preview:large","max-video-preview":"max-video-preview:-1"},"canonical":"https:\/\/www.mamorganlaw.com\/es\/tarjetas-verdes\/","og_locale":"es_ES","og_type":"article","og_title":"Tarjetas verdes | M.A. Morgan and Associates","og_description":"La Ley de Inmigraci\u00f3n y Nacionalidad (INA) ofrece dos v\u00edas principales para obtener el estatuto de residente legal permanente (tarjeta verde):","og_url":"https:\/\/www.mamorganlaw.com\/es\/tarjetas-verdes\/","og_site_name":"M.A. Morgan and Associates","article_publisher":"https:\/\/www.facebook.com\/mamorganlaw","article_modified_time":"2023-12-15T23:11:44+00:00","twitter_card":"summary_large_image","twitter_misc":{"Tiempo de lectura":"8 minutos"},"schema":{"@context":"https:\/\/schema.org","@graph":[{"@type":"WebPage","@id":"https:\/\/www.mamorganlaw.com\/es\/tarjetas-verdes\/","url":"https:\/\/www.mamorganlaw.com\/es\/tarjetas-verdes\/","name":"Tarjetas verdes | M.A. Morgan and Associates","isPartOf":{"@id":"https:\/\/www.mamorganlaw.com\/es\/#website"},"datePublished":"2021-05-07T23:58:12+00:00","dateModified":"2023-12-15T23:11:44+00:00","description":"La Ley de Inmigraci\u00f3n y Nacionalidad (INA) ofrece dos v\u00edas principales para obtener el estatuto de residente legal permanente (tarjeta verde):","breadcrumb":{"@id":"https:\/\/www.mamorganlaw.com\/es\/tarjetas-verdes\/#breadcrumb"},"inLanguage":"es","potentialAction":[{"@type":"ReadAction","target":["https:\/\/www.mamorganlaw.com\/es\/tarjetas-verdes\/"]}]},{"@type":"BreadcrumbList","@id":"https:\/\/www.mamorganlaw.com\/es\/tarjetas-verdes\/#breadcrumb","itemListElement":[{"@type":"ListItem","position":1,"name":"Home","item":"https:\/\/www.mamorganlaw.com\/es\/inicio\/"},{"@type":"ListItem","position":2,"name":"Tarjetas verdes"}]},{"@type":"WebSite","@id":"https:\/\/www.mamorganlaw.com\/es\/#website","url":"https:\/\/www.mamorganlaw.com\/es\/","name":"M.A. Morgan and Associates","description":"Texas Immigration Lawyers","publisher":{"@id":"https:\/\/www.mamorganlaw.com\/es\/#organization"},"potentialAction":[{"@type":"SearchAction","target":{"@type":"EntryPoint","urlTemplate":"https:\/\/www.mamorganlaw.com\/es\/?s={search_term_string}"},"query-input":{"@type":"PropertyValueSpecification","valueRequired":true,"valueName":"search_term_string"}}],"inLanguage":"es"},{"@type":"Organization","@id":"https:\/\/www.mamorganlaw.com\/es\/#organization","name":"M.A. Morgan and Associates, PLLC","url":"https:\/\/www.mamorganlaw.com\/es\/","logo":{"@type":"ImageObject","inLanguage":"es","@id":"https:\/\/www.mamorganlaw.com\/es\/#\/schema\/logo\/image\/","url":"https:\/\/www.mamorganlaw.com\/wp-content\/uploads\/2022\/01\/cropped-MA-Logo.png","contentUrl":"https:\/\/www.mamorganlaw.com\/wp-content\/uploads\/2022\/01\/cropped-MA-Logo.png","width":512,"height":512,"caption":"M.A. Morgan and Associates, PLLC"},"image":{"@id":"https:\/\/www.mamorganlaw.com\/es\/#\/schema\/logo\/image\/"},"sameAs":["https:\/\/www.facebook.com\/mamorganlaw","https:\/\/www.instagram.com\/mamorganlaw\/","https:\/\/www.linkedin.com\/company\/mamorganlaw","https:\/\/www.youtube.com\/channel\/UCVwHE_0smaIbWv6Y7chcFrQ"]}]}},"_links":{"self":[{"href":"https:\/\/www.mamorganlaw.com\/es\/wp-json\/wp\/v2\/pages\/13868","targetHints":{"allow":["GET"]}}],"collection":[{"href":"https:\/\/www.mamorganlaw.com\/es\/wp-json\/wp\/v2\/pages"}],"about":[{"href":"https:\/\/www.mamorganlaw.com\/es\/wp-json\/wp\/v2\/types\/page"}],"author":[{"embeddable":true,"href":"https:\/\/www.mamorganlaw.com\/es\/wp-json\/wp\/v2\/users\/24"}],"replies":[{"embeddable":true,"href":"https:\/\/www.mamorganlaw.com\/es\/wp-json\/wp\/v2\/comments?post=13868"}],"version-history":[{"count":4,"href":"https:\/\/www.mamorganlaw.com\/es\/wp-json\/wp\/v2\/pages\/13868\/revisions"}],"predecessor-version":[{"id":13968,"href":"https:\/\/www.mamorganlaw.com\/es\/wp-json\/wp\/v2\/pages\/13868\/revisions\/13968"}],"wp:attachment":[{"href":"https:\/\/www.mamorganlaw.com\/es\/wp-json\/wp\/v2\/media?parent=13868"}],"curies":[{"name":"wp","href":"https:\/\/api.w.org\/{rel}","templated":true}]}}